{"id":2519,"date":"2024-04-16T13:27:43","date_gmt":"2024-04-16T13:27:43","guid":{"rendered":"https:\/\/www.fuoribinario.org\/?page_id=2519"},"modified":"2024-05-14T13:29:06","modified_gmt":"2024-05-14T13:29:06","slug":"5x1000","status":"publish","type":"page","link":"https:\/\/www.fuoribinario.org\/index.php\/sostienici\/5x1000\/","title":{"rendered":"5&#215;1000"},"content":{"rendered":"\n<p class=\"has-ast-global-color-8-color has-text-color has-link-color has-medium-font-size wp-elements-140fd68ad1bf07bcc02adec4543c5a50\"><strong>Perch\u00e9 destinare il tuo 5\u00d71000 a Fuori Binario?<\/strong> &#8211; Scegliendo di destinare il 5\u00d71000 all&#8217;associazione Periferie al centro ODV dichiari non solo la volont\u00e0 di offrire parte dei tuoi redditi a chi edita il giornale di strada attivo a Firenze dal 1994, ma dichiari di stare concretamente dalla parte dei pi\u00f9 poveri, di chi \u00e8 escluso dall&#8217;attuale sistema economico, di chi cerca di emanciparsi impegnandosi nella diffusione di una testata libera e indipendente.<\/p>\n\n\n\n<p class=\"has-ast-global-color-8-color has-text-color has-link-color has-medium-font-size wp-elements-ddce82f5273e9033f2e5070acae1ceb6\"><strong>DICHIARI<\/strong> che per te contano in primo luogo le persone e non altro.<\/p>\n\n\n\n<p class=\"has-ast-global-color-8-color has-text-color has-link-color has-medium-font-size wp-elements-ced3fd1913b0fbeedfca4e6c388a19d7\"><strong>DICHIARI<\/strong> il tuo diritto all&#8217;informazione, alla trasparenza, alla partecipazione e ad un&#8217;equa distribuzione delle risorse.<\/p>\n\n\n\n<p class=\"has-ast-global-color-8-color has-text-color has-link-color has-medium-font-size wp-elements-3f8dbbf75b5efc2acc4687277ef9ad80\"><strong>DICHIARI<\/strong> il tuo impegno per la difesa di una comunit\u00e0 resistente attiva nella Firenze gentrificata che espelle i suoi abitanti in nome del profitto. Una citt\u00e0 dove il diritto alla casa, ad una buona salute e ad un&#8217;istruzione qualificata \u00e8 ormai appannaggio dei pi\u00f9 ricchi.<\/p>\n\n\n\n<p class=\"has-ast-global-color-8-color has-text-color has-link-color has-medium-font-size wp-elements-7a85203dc118cc50fab0a15a4ff36bd2\"><strong>DICHIARATI DALLA NOSTRA PARTE<\/strong>, indica nello spazio dedicato della tua dichiarazione dei redditi il codice fiscale <strong>94051000480<\/strong> intestato all&#8217;Associazione Periferie al Centro ODV.<\/p>\n\n\n\n<p class=\"has-text-align-right has-ast-global-color-8-color has-text-color has-link-color has-medium-font-size wp-elements-dcfee4df2faea2bdbe1ae9bd25f5b2f5\">Grazie!<\/p>\n\n\n\n<figure class=\"wp-block-image size-large\"><img loading=\"lazy\" decoding=\"async\" width=\"1024\" height=\"1024\" src=\"https:\/\/www.fuoribinario.org\/wp-content\/uploads\/2024\/04\/FB-Slides-promozionali-2-1024x1024.png\" alt=\"\" class=\"wp-image-2520\" srcset=\"https:\/\/www.fuoribinario.org\/wp-content\/uploads\/2024\/04\/FB-Slides-promozionali-2-1024x1024.png 1024w, https:\/\/www.fuoribinario.org\/wp-content\/uploads\/2024\/04\/FB-Slides-promozionali-2-300x300.png 300w, https:\/\/www.fuoribinario.org\/wp-content\/uploads\/2024\/04\/FB-Slides-promozionali-2-150x150.png 150w, https:\/\/www.fuoribinario.org\/wp-content\/uploads\/2024\/04\/FB-Slides-promozionali-2-768x768.png 768w, https:\/\/www.fuoribinario.org\/wp-content\/uploads\/2024\/04\/FB-Slides-promozionali-2.png 1080w\" sizes=\"auto, (max-width: 1024px) 100vw, 1024px\" \/><\/figure>\n","protected":false},"excerpt":{"rendered":"<p>Perch\u00e9 destinare il tuo 5\u00d71000 a Fuori Binario? &#8211; Scegliendo di destinare il 5\u00d71000 all&#8217;associazione Periferie al centro ODV dichiari non solo la volont\u00e0 di offrire parte dei tuoi redditi a chi edita il giornale di strada attivo a Firenze dal 1994, ma dichiari di stare concretamente dalla parte dei pi\u00f9 poveri, di chi \u00e8 [&hellip;]<\/p>\n","protected":false},"author":1,"featured_media":2520,"parent":1336,"menu_order":0,"comment_status":"closed","ping_status":"closed","template":"","meta":{"_uag_custom_page_level_css":"","site-sidebar-layout":"default","site-content-layout":"","ast-site-content-layout":"default","site-content-style":"default","site-sidebar-style":"default","ast-global-header-display":"","ast-banner-title-visibility":"","ast-main-header-display":"","ast-hfb-above-header-display":"","ast-hfb-below-header-display":"","ast-hfb-mobile-header-display":"","site-post-title":"","ast-breadcrumbs-content":"","ast-featured-img":"disabled","footer-sml-layout":"","ast-disable-related-posts":"","theme-transparent-header-meta":"","adv-header-id-meta":"","stick-header-meta":"","header-above-stick-meta":"","header-main-stick-meta":"","header-below-stick-meta":"","astra-migrate-meta-layouts":"set","ast-page-background-enabled":"default","ast-page-background-meta":{"desktop":{"background-color":"var(--ast-global-color-4)","background-image":"","background-repeat":"repeat","background-position":"center center","background-size":"auto","background-attachment":"scroll","background-type":"","background-media":"","overlay-type":"","overlay-color":"","overlay-opacity":"","overlay-gradient":""},"tablet":{"background-color":"","background-image":"","background-repeat":"repeat","background-position":"center center","background-size":"auto","background-attachment":"scroll","background-type":"","background-media":"","overlay-type":"","overlay-color":"","overlay-opacity":"","overlay-gradient":""},"mobile":{"background-color":"","background-image":"","background-repeat":"repeat","background-position":"center center","background-size":"auto","background-attachment":"scroll","background-type":"","background-media":"","overlay-type":"","overlay-color":"","overlay-opacity":"","overlay-gradient":""}},"ast-content-background-meta":{"desktop":{"background-color":"var(--ast-global-color-5)","background-image":"","background-repeat":"repeat","background-position":"center center","background-size":"auto","background-attachment":"scroll","background-type":"","background-media":"","overlay-type":"","overlay-color":"","overlay-opacity":"","overlay-gradient":""},"tablet":{"background-color":"var(--ast-global-color-5)","background-image":"","background-repeat":"repeat","background-position":"center center","background-size":"auto","background-attachment":"scroll","background-type":"","background-media":"","overlay-type":"","overlay-color":"","overlay-opacity":"","overlay-gradient":""},"mobile":{"background-color":"var(--ast-global-color-5)","background-image":"","background-repeat":"repeat","background-position":"center center","background-size":"auto","background-attachment":"scroll","background-type":"","background-media":"","overlay-type":"","overlay-color":"","overlay-opacity":"","overlay-gradient":""}},"footnotes":""},"ppma_author":[37],"class_list":["post-2519","page","type-page","status-publish","has-post-thumbnail","hentry"],"uagb_featured_image_src":{"full":["https:\/\/www.fuoribinario.org\/wp-content\/uploads\/2024\/04\/FB-Slides-promozionali-2.png",1080,1080,false],"thumbnail":["https:\/\/www.fuoribinario.org\/wp-content\/uploads\/2024\/04\/FB-Slides-promozionali-2-150x150.png",150,150,true],"medium":["https:\/\/www.fuoribinario.org\/wp-content\/uploads\/2024\/04\/FB-Slides-promozionali-2-300x300.png",300,300,true],"medium_large":["https:\/\/www.fuoribinario.org\/wp-content\/uploads\/2024\/04\/FB-Slides-promozionali-2-768x768.png",768,768,true],"large":["https:\/\/www.fuoribinario.org\/wp-content\/uploads\/2024\/04\/FB-Slides-promozionali-2-1024x1024.png",1024,1024,true],"1536x1536":["https:\/\/www.fuoribinario.org\/wp-content\/uploads\/2024\/04\/FB-Slides-promozionali-2.png",1080,1080,false],"2048x2048":["https:\/\/www.fuoribinario.org\/wp-content\/uploads\/2024\/04\/FB-Slides-promozionali-2.png",1080,1080,false]},"uagb_author_info":{"display_name":"fb","author_link":"https:\/\/www.fuoribinario.org\/index.php\/author\/fb\/"},"uagb_comment_info":0,"uagb_excerpt":"Perch\u00e9 destinare il tuo 5\u00d71000 a Fuori Binario? &#8211; Scegliendo di destinare il 5\u00d71000 all&#8217;associazione Periferie al centro ODV dichiari non solo la volont\u00e0 di offrire parte dei tuoi redditi a chi edita il giornale di strada attivo a Firenze dal 1994, ma dichiari di stare concretamente dalla parte dei pi\u00f9 poveri, di chi \u00e8&hellip;","_links":{"self":[{"href":"https:\/\/www.fuoribinario.org\/index.php\/wp-json\/wp\/v2\/pages\/2519","targetHints":{"allow":["GET"]}}],"collection":[{"href":"https:\/\/www.fuoribinario.org\/index.php\/wp-json\/wp\/v2\/pages"}],"about":[{"href":"https:\/\/www.fuoribinario.org\/index.php\/wp-json\/wp\/v2\/types\/page"}],"author":[{"embeddable":true,"href":"https:\/\/www.fuoribinario.org\/index.php\/wp-json\/wp\/v2\/users\/1"}],"replies":[{"embeddable":true,"href":"https:\/\/www.fuoribinario.org\/index.php\/wp-json\/wp\/v2\/comments?post=2519"}],"version-history":[{"count":6,"href":"https:\/\/www.fuoribinario.org\/index.php\/wp-json\/wp\/v2\/pages\/2519\/revisions"}],"predecessor-version":[{"id":2707,"href":"https:\/\/www.fuoribinario.org\/index.php\/wp-json\/wp\/v2\/pages\/2519\/revisions\/2707"}],"up":[{"embeddable":true,"href":"https:\/\/www.fuoribinario.org\/index.php\/wp-json\/wp\/v2\/pages\/1336"}],"wp:featuredmedia":[{"embeddable":true,"href":"https:\/\/www.fuoribinario.org\/index.php\/wp-json\/wp\/v2\/media\/2520"}],"wp:attachment":[{"href":"https:\/\/www.fuoribinario.org\/index.php\/wp-json\/wp\/v2\/media?parent=2519"}],"wp:term":[{"taxonomy":"author","embeddable":true,"href":"https:\/\/www.fuoribinario.org\/index.php\/wp-json\/wp\/v2\/ppma_author?post=2519"}],"curies":[{"name":"wp","href":"https:\/\/api.w.org\/{rel}","templated":true}]}}