{"id":263,"date":"2022-03-13T07:36:21","date_gmt":"2022-03-13T07:36:21","guid":{"rendered":"http:\/\/bozza.fuoribinario.org\/?page_id=263"},"modified":"2024-10-10T15:49:30","modified_gmt":"2024-10-10T15:49:30","slug":"cosa-puoi-fare-tu","status":"publish","type":"page","link":"https:\/\/www.fuoribinario.org\/index.php\/cosa-puoi-fare-tu\/","title":{"rendered":"Diventa attivista o volontario\/a"},"content":{"rendered":"\n<div class=\"wp-block-uagb-inline-notice uagb-inline_notice__align-left uagb-block-0570b339\"><h4 class=\"uagb-notice-title\">Ogni tuo contributo \u00e8 prezioso<\/h4><div class=\"uagb-notice-text\">Se hai apprezzato l&#8217;esperienza di Fuori Binario qui hai l&#8217;occasione di entrare a far parte della nostra comunit\u00e0.<br><br>Ogni contributo \u00e8 prezioso e ci aiuta a garantire una sempre maggiore attenzione e cura nel nostro lavoro &#8211; completamente volontario &#8211; sia giornalistico che associativo.<br><br>Qui sotto trovi le nostre attivit\u00e0. Ci dai una mano?<\/div><\/div>\n\n\n\n<hr class=\"wp-block-separator has-text-color has-ast-global-color-4-color has-alpha-channel-opacity has-ast-global-color-4-background-color has-background is-style-wide\" style=\"margin-top:var(--wp--preset--spacing--30);margin-bottom:var(--wp--preset--spacing--30)\"\/>\n\n\n\n<div class=\"wp-block-uagb-inline-notice uagb-inline_notice__align-left uagb-block-94a6110e\"><h4 class=\"uagb-notice-title\">Far conoscere e diffondere il giornale<\/h4><div class=\"uagb-notice-text\">Puoi acquistare un numero di copie tutti i mesi ad un prezzo speciale. Potrai diffonderle tra i tuoi amici, portarle nei luoghi che frequenti, regalarle a chi vorrai. Ci aiuterai cos\u00ec a far conoscere la nostra realt\u00e0 e soprattutto a sostenere economicamente i\/le senza dimora impegnati in questo progetto.<\/div><\/div>\n\n\n\n<hr class=\"wp-block-separator has-text-color has-ast-global-color-4-color has-alpha-channel-opacity has-ast-global-color-4-background-color has-background is-style-wide\" style=\"margin-top:var(--wp--preset--spacing--30);margin-bottom:var(--wp--preset--spacing--30)\"\/>\n\n\n\n<div class=\"wp-block-uagb-inline-notice uagb-inline_notice__align-left uagb-block-6e7f3f36\"><h4 class=\"uagb-notice-title\">Diventare un Luogo amico<\/h4><div class=\"uagb-notice-text\">Se sei attivo\/a in un&#8217;associazione, un centro sociale, un circolo, un negozio, un gruppo di acquisto o una realt\u00e0 organizzata puoi far diventare la tua sede un luogo amico di Fuori Binario acquistando un pacchetto di copie tutti i mesi ad un prezzo speciale. <\/div><\/div>\n\n\n\n<hr class=\"wp-block-separator has-text-color has-ast-global-color-4-color has-alpha-channel-opacity has-ast-global-color-4-background-color has-background is-style-wide\" style=\"margin-top:var(--wp--preset--spacing--30);margin-bottom:var(--wp--preset--spacing--30)\"\/>\n\n\n\n<div class=\"wp-block-uagb-inline-notice uagb-inline_notice__align-left uagb-block-95ac428f\"><h4 class=\"uagb-notice-title\">Far parte di Periferie al centro, l&#8217;associazione che edita il giornale<\/h4><div class=\"uagb-notice-text\">L&#8217;impegno del nostro editore, l&#8217;associazione Periferie al centro, non si limita al giornale. Ogni giorno diamo assistenza a tante persone in difficolt\u00e0, lavoriamo affinch\u00e9 abbiamo documenti e residenza per godere pienamente dei loro diritti, diamo sostegno alimentare a chi ne ha necessit\u00e0, facciamo inserimenti per chi ha vissuto un&#8217;esperienza carceraria.<\/div><\/div>\n\n\n\n<hr class=\"wp-block-separator has-text-color has-ast-global-color-4-color has-alpha-channel-opacity has-ast-global-color-4-background-color has-background is-style-wide\" style=\"margin-top:var(--wp--preset--spacing--30);margin-bottom:var(--wp--preset--spacing--30)\"\/>\n\n\n\n<div class=\"wp-block-uagb-inline-notice uagb-inline_notice__align-left uagb-block-aa76c2b4\"><h4 class=\"uagb-notice-title\">Contribuire all&#8217;apertura della sede<\/h4><div class=\"uagb-notice-text\">Se hai del tempo libero e sei aperto\/a al confronto, se vuoi essere parte attiva all&#8217;interno di un gruppo di persone che vuole semplicemente cambiare il mondo&#8230; non perdere l&#8217;occasione per stare con noi. La redazione \u00e8 aperta tre pomeriggi alla settimana grazie ad una turnazione che ci permette di dare continuit\u00e0 al nostro impegno. <\/div><\/div>\n\n\n\n<hr class=\"wp-block-separator has-text-color has-ast-global-color-4-color has-alpha-channel-opacity has-ast-global-color-4-background-color has-background is-style-wide\" style=\"margin-top:var(--wp--preset--spacing--30);margin-bottom:var(--wp--preset--spacing--30)\"\/>\n\n\n\n<div class=\"wp-block-uagb-inline-notice uagb-inline_notice__align-left uagb-block-9dee3371\"><h4 class=\"uagb-notice-title\">Produrre il giornale<\/h4><div class=\"uagb-notice-text\">Per fare un giornale come il nostro servono tante competenze, non solo giornalistiche. Tutti i mesi scriviamo articoli, correggiamo le bozze, facciamo foto, titoliamo i pezzi, impaginiamo, rivediamo il tutto e mandiamo il pdf pronto per la stampa in tipografia. Se pensi di avere delle competenze editoriali non esitare a contattarci.<\/div><\/div>\n\n\n\n<hr class=\"wp-block-separator has-text-color has-ast-global-color-4-color has-alpha-channel-opacity has-ast-global-color-4-background-color has-background is-style-wide\" style=\"margin-top:var(--wp--preset--spacing--30);margin-bottom:var(--wp--preset--spacing--30)\"\/>\n\n\n\n<div class=\"wp-block-uagb-inline-notice uagb-inline_notice__align-left uagb-block-69303771\"><h4 class=\"uagb-notice-title\">Stampato il giornale&#8230; va diffuso<\/h4><div class=\"uagb-notice-text\">Quando il giornale \u00e8 pronto in tipografia inizia la cura del processo di diffusione. In primo luogo andiamo a ritirare le copie e le portiamo in redazione. Il giorno stesso o l&#8217;indomani viene dato a chi lo vende in strada. Qualche giorno prima aggiorniamo il database degli abbonati e prepariamo le etichette per imbustare e spedire i giornali a chi ci ha dato fiducia addirittura per un anno intero. Se il servizio postale di ritiro delle buste in sede funziona siamo tutti pi\u00f9 rilassati e felici, altrimenti dobbiamo portare le copie direttamente all&#8217;ufficio postale per la spedizione. Infine distribuiamo i giornali ai luoghi amici che si trovano sparsi in tutta la citt\u00e0.<\/div><\/div>\n\n\n\n<hr class=\"wp-block-separator has-text-color has-ast-global-color-4-color has-alpha-channel-opacity has-ast-global-color-4-background-color has-background is-style-wide\" style=\"margin-top:var(--wp--preset--spacing--30);margin-bottom:var(--wp--preset--spacing--30)\"\/>\n\n\n\n<div class=\"wp-block-uagb-inline-notice uagb-inline_notice__align-left uagb-block-d013c59d\"><h4 class=\"uagb-notice-title\">Stampato il giornale&#8230; va promosso<\/h4><div class=\"uagb-notice-text\">Il primo del mese il giornale cartaceo inizia il suo viaggio per strada, nei luoghi amici, verso le case degli abbonati. Dobbiamo per\u00f2 far sapere a tutti e a tutte che \u00e8 uscito l&#8217;ultimo fantastico numero e che soprattutto \u00e8 imperdibile! Aggiorniamo pertanto il sito con le ultime novit\u00e0, ci attiviamo su Facebook e Instagram, coinvolgiamo chi ci segue ad attivarsi a sua volta per far girare i nostri contenuti<\/div><\/div>\n\n\n\n<hr class=\"wp-block-separator has-text-color has-ast-global-color-4-color has-alpha-channel-opacity has-ast-global-color-4-background-color has-background is-style-wide\" style=\"margin-top:var(--wp--preset--spacing--30);margin-bottom:var(--wp--preset--spacing--30)\"\/>\n\n\n\n<div class=\"wp-block-uagb-inline-notice uagb-inline_notice__align-left uagb-block-f211b448\"><h4 class=\"uagb-notice-title\">Abbonarti<\/h4><div class=\"uagb-notice-text\">A partire da 35 euro l\u2019anno, <a href=\"https:\/\/www.fuoribinario.org\/index.php\/abbonamenti-donazioni\/\">scopri qui<\/a> come fare.<\/div><\/div>\n\n\n\n<hr class=\"wp-block-separator has-text-color has-ast-global-color-4-color has-alpha-channel-opacity has-ast-global-color-4-background-color has-background is-style-wide\" style=\"margin-top:var(--wp--preset--spacing--30);margin-bottom:var(--wp--preset--spacing--30)\"\/>\n\n\n\n<div class=\"wp-block-uagb-inline-notice uagb-inline_notice__align-left uagb-block-aad63397\"><h4 class=\"uagb-notice-title\">Adesso sta a te. Sarai dei nostri?<\/h4><div class=\"uagb-notice-text\">Come avrai capito Fuori Binario nella sua semplicit\u00e0 \u00e8 un&#8217;organizzazione abbastanza complessa da aver bisogno anche del tuo contributo. <br><br>Sar\u00e0 un&#8217;esperienza molto interessante da vivere per te e per noi, perch\u00e9 crediamo sempre che buone relazioni umane, il confronto tra diversi e la partecipazione dal basso siano un buon condimento per vivere la vita al meglio delle nostre possibilit\u00e0. Contattaci, troveremo insieme le modalit\u00e0 e i tempi pi\u00f9 giusti per una tua collaborazione. <br><br>Scrivici su <a rel=\"noreferrer noopener\" href=\"mailto:redazione@fuoribinario.org\" target=\"_blank\">redazione@fuoribinario.org<\/a> o chiama il 339\/667529quattro<\/div><\/div>\n","protected":false},"excerpt":{"rendered":"","protected":false},"author":2,"featured_media":2965,"parent":0,"menu_order":0,"comment_status":"closed","ping_status":"closed","template":"","meta":{"_uag_custom_page_level_css":"","site-sidebar-layout":"default","site-content-layout":"","ast-site-content-layout":"default","site-content-style":"default","site-sidebar-style":"default","ast-global-header-display":"","ast-banner-title-visibility":"","ast-main-header-display":"","ast-hfb-above-header-display":"","ast-hfb-below-header-display":"","ast-hfb-mobile-header-display":"","site-post-title":"","ast-breadcrumbs-content":"","ast-featured-img":"disabled","footer-sml-layout":"","ast-disable-related-posts":"","theme-transparent-header-meta":"","adv-header-id-meta":"","stick-header-meta":"","header-above-stick-meta":"","header-main-stick-meta":"","header-below-stick-meta":"","astra-migrate-meta-layouts":"set","ast-page-background-enabled":"default","ast-page-background-meta":{"desktop":{"background-color":"var(--ast-global-color-4)","background-image":"","background-repeat":"repeat","background-position":"center center","background-size":"auto","background-attachment":"scroll","background-type":"","background-media":"","overlay-type":"","overlay-color":"","overlay-opacity":"","overlay-gradient":""},"tablet":{"background-color":"","background-image":"","background-repeat":"repeat","background-position":"center center","background-size":"auto","background-attachment":"scroll","background-type":"","background-media":"","overlay-type":"","overlay-color":"","overlay-opacity":"","overlay-gradient":""},"mobile":{"background-color":"","background-image":"","background-repeat":"repeat","background-position":"center center","background-size":"auto","background-attachment":"scroll","background-type":"","background-media":"","overlay-type":"","overlay-color":"","overlay-opacity":"","overlay-gradient":""}},"ast-content-background-meta":{"desktop":{"background-color":"var(--ast-global-color-5)","background-image":"","background-repeat":"repeat","background-position":"center center","background-size":"auto","background-attachment":"scroll","background-type":"","background-media":"","overlay-type":"","overlay-color":"","overlay-opacity":"","overlay-gradient":""},"tablet":{"background-color":"var(--ast-global-color-5)","background-image":"","background-repeat":"repeat","background-position":"center center","background-size":"auto","background-attachment":"scroll","background-type":"","background-media":"","overlay-type":"","overlay-color":"","overlay-opacity":"","overlay-gradient":""},"mobile":{"background-color":"var(--ast-global-color-5)","background-image":"","background-repeat":"repeat","background-position":"center center","background-size":"auto","background-attachment":"scroll","background-type":"","background-media":"","overlay-type":"","overlay-color":"","overlay-opacity":"","overlay-gradient":""}},"footnotes":""},"ppma_author":[38],"class_list":["post-263","page","type-page","status-publish","has-post-thumbnail","hentry"],"uagb_featured_image_src":{"full":["https:\/\/www.fuoribinario.org\/wp-content\/uploads\/2024\/10\/Diventa-volontario.png",1080,1080,false],"thumbnail":["https:\/\/www.fuoribinario.org\/wp-content\/uploads\/2024\/10\/Diventa-volontario-150x150.png",150,150,true],"medium":["https:\/\/www.fuoribinario.org\/wp-content\/uploads\/2024\/10\/Diventa-volontario-300x300.png",300,300,true],"medium_large":["https:\/\/www.fuoribinario.org\/wp-content\/uploads\/2024\/10\/Diventa-volontario-768x768.png",768,768,true],"large":["https:\/\/www.fuoribinario.org\/wp-content\/uploads\/2024\/10\/Diventa-volontario-1024x1024.png",1024,1024,true],"1536x1536":["https:\/\/www.fuoribinario.org\/wp-content\/uploads\/2024\/10\/Diventa-volontario.png",1080,1080,false],"2048x2048":["https:\/\/www.fuoribinario.org\/wp-content\/uploads\/2024\/10\/Diventa-volontario.png",1080,1080,false]},"uagb_author_info":{"display_name":"Fuori Binario","author_link":"https:\/\/www.fuoribinario.org\/index.php\/author\/redazione\/"},"uagb_comment_info":0,"uagb_excerpt":null,"_links":{"self":[{"href":"https:\/\/www.fuoribinario.org\/index.php\/wp-json\/wp\/v2\/pages\/263","targetHints":{"allow":["GET"]}}],"collection":[{"href":"https:\/\/www.fuoribinario.org\/index.php\/wp-json\/wp\/v2\/pages"}],"about":[{"href":"https:\/\/www.fuoribinario.org\/index.php\/wp-json\/wp\/v2\/types\/page"}],"author":[{"embeddable":true,"href":"https:\/\/www.fuoribinario.org\/index.php\/wp-json\/wp\/v2\/users\/2"}],"replies":[{"embeddable":true,"href":"https:\/\/www.fuoribinario.org\/index.php\/wp-json\/wp\/v2\/comments?post=263"}],"version-history":[{"count":31,"href":"https:\/\/www.fuoribinario.org\/index.php\/wp-json\/wp\/v2\/pages\/263\/revisions"}],"predecessor-version":[{"id":2981,"href":"https:\/\/www.fuoribinario.org\/index.php\/wp-json\/wp\/v2\/pages\/263\/revisions\/2981"}],"wp:featuredmedia":[{"embeddable":true,"href":"https:\/\/www.fuoribinario.org\/index.php\/wp-json\/wp\/v2\/media\/2965"}],"wp:attachment":[{"href":"https:\/\/www.fuoribinario.org\/index.php\/wp-json\/wp\/v2\/media?parent=263"}],"wp:term":[{"taxonomy":"author","embeddable":true,"href":"https:\/\/www.fuoribinario.org\/index.php\/wp-json\/wp\/v2\/ppma_author?post=263"}],"curies":[{"name":"wp","href":"https:\/\/api.w.org\/{rel}","templated":true}]}}