{"id":392,"date":"2021-10-01T16:08:00","date_gmt":"2021-10-01T16:08:00","guid":{"rendered":"http:\/\/bozza.fuoribinario.org\/?page_id=392"},"modified":"2025-08-26T18:03:13","modified_gmt":"2025-08-26T18:03:13","slug":"amministrazione-trasparente","status":"publish","type":"page","link":"https:\/\/www.fuoribinario.org\/index.php\/chi-siamo\/amministrazione-trasparente\/","title":{"rendered":"Amministrazione trasparente"},"content":{"rendered":"\n<p><\/p>\n\n\n\n<div class=\"wp-block-uagb-inline-notice uagb-inline_notice__align-left uagb-block-d34e3ce4\"><button class=\"uagb-notice-close-button\" type=\"button\" aria-label=\"Close\"><\/button><h4 class=\"uagb-notice-title\">Obblighi di legge<\/h4><div class=\"uagb-notice-text\">\n<p>L\u2019Associazione Periferie al centro ODV \u00e8 iscritta con Decreto del Presidente della Giunta Regionale n. 2894 del 08\/08\/1995 al n. 308 del Registro Regionale del Volontariato \u2013 Sezione Provincia di Firenze.<br><br>L\u2019editore \u00e8 l\u2019associazione Periferie al Centro che si impegna affinch\u00e9 i senza fissa dimora abbiano la possibilit\u00e0 di avere una residenza anagrafica senza la quale vedrebbero abbattuti i loro diritti. I nostri volontari sono attivi anche nella distribuzione di alimenti e e coperte per chi dorme in strada.<br><br>Il suo statuto \u00e8 stato modificato e depositato in data 20 Giugno 2019, in seguito all\u2019adeguamento al Decreto Legislativo 3 luglio 2017, n. 117 (\u201cCodice del Terzo settore\u201d) e successive modifiche.<br><br>L\u2019attivit\u00e0 principale dell\u2019Associazione Periferie al Centro ODV \u00e8 rappresentata dal giornale di strada \u201cFuori Binario\u201d che viene venduto a offerta libera che \u2013 oltre il costo \u2013 \u00e8 il guadagno del diffusore. L\u2019attivit\u00e0 dell\u2019Associazione non ha fini di lucro, la distribuzione del giornale \u00e8 prevista come attivit\u00e0 marginale, ex art.8, comma 4, Legge 266\/94 \u201cLegge sul volontariato\u201d.<\/p>\n\n\n\n<p><br>***<br><br><strong>PUBBLICAZIONE AI SENSI DEL D.L. 30 APRILE 2019, N. 34 \u201cMisure urgenti di crescita economica e per la risoluzione di specifiche situazioni di crisi\u201d \u2013 articolo 35 \u201cObblighi informativi erogazioni pubbliche\u201d<\/strong>.<br><br>Denominazione e codice fiscale del beneficiario: ASSOCIAZIONE PERIFERIE AL CENTRO ODV, 94051000480.<br><br><strong>Elenco delle sovvenzioni, contributi di qualunque genere, ricevuti dalle pubbliche amministrazioni<\/strong><\/p>\n<\/div><\/div>\n\n\n\n<figure class=\"wp-block-table\"><table class=\"has-ast-global-color-8-color has-text-color\"><tbody><tr><td><strong>Soggetto erogatore<\/strong><\/td><td><strong>Importo<\/strong><\/td><td><strong>Data<\/strong><\/td><td><strong>Causale<\/strong><\/td><\/tr><tr><td>Regione Toscana<\/td><td>3.621,78<\/td><td>28\/9\/2021<\/td><td>Emergenza Coronavirus, contributi per il terzo settore<\/td><\/tr><tr><td>5&#215;1000<\/td><td>1.328,42<\/td><td>8\/7\/2021<\/td><td>5&#215;1000 2019<\/td><\/tr><tr><td>Fondazione CRF<\/td><td>5.000<\/td><td>30\/10\/2022<\/td><td>Contributo una tantum<\/td><\/tr><tr><td>Fondazione CRF<\/td><td>15.000<\/td><td>30\/10\/2024<\/td><td>Contributo una tantum<\/td><\/tr><tr><td>Regione Toscana<\/td><td>4.000<\/td><td>15\/12\/2024<\/td><td>Contributo una tantum<\/td><\/tr><\/tbody><\/table><\/figure>\n\n\n\n<p class=\"has-black-color has-text-color has-link-color wp-elements-cbe38fa909afc3c74ab93d8bd365e153\">La presente organizzazione senza scopo di lucro Associazione Periferie Al Centro Odv\u00a0partecipa al Programma Nazionale Inclusione e Lotta alla povert\u00e0 2021-2027, Priorit\u00e0 3 \u201cContrasto alla deprivazione materiale &#8211; Sostegno agli indigenti a titolo dell&#8217;obiettivo specifico di cui all&#8217;articolo 4, paragrafo 1, lettera m), del Regolamento FSE+\u201d, Obiettivo Specifico (ESO.4.13), Azione di contrasto alla Povert\u00e0 alimentare (PN Inclusione) in qualit\u00e0 di Organizzazione partner Territoriale (OpT) associata alla Organizzazione partner Capofila (OpC) Associazione Banco Alimentare della Toscana ODV, nell\u2019anno 2024, ha sostenuto n. 40\u00a0persone in condizione di grave deprivazione attraverso l\u2019erogazione di aiuti alimentari e misure di accompagnamento, per un totale di beni distribuiti pari a 30\u00a0tonnellate di alimenti di cui n. 480\u00a0pacchi alimentari e pasti pronti finanziati dal PN Inclusione.<\/p>\n\n\n\n<hr class=\"wp-block-separator has-text-color has-ast-global-color-4-color has-alpha-channel-opacity has-ast-global-color-4-background-color has-background is-style-wide\" style=\"margin-top:var(--wp--preset--spacing--30);margin-bottom:var(--wp--preset--spacing--30)\"\/>\n\n\n\n<div class=\"wp-block-uagb-inline-notice uagb-inline_notice__align-left uagb-block-158b706e\"><button class=\"uagb-notice-close-button\" type=\"button\" aria-label=\"Close\"><\/button><h4 class=\"uagb-notice-title\">Estratto dallo Statuto di Periferie al Centro OdV<\/h4><div class=\"uagb-notice-text\">\n<p>L\u2019associazione non ha scopo di lucro e persegue finalit\u00e0 civiche, solidaristiche e di utilit\u00e0 sociale, mediante lo svolgimento prevalentemente in favore di terzi di una o pi\u00f9 delle seguenti attivit\u00e0 di interesse generale di cui all\u2019art. 5 del Codice del Terzo settore, avvalendosi in modo prevalente dell\u2019attivit\u00e0 di volontariato dei propri associati o delle persone aderenti agli enti associati:<br><br>i) organizzazione e gestione di attivit\u00e0 culturali, artistiche o ricreative di particolare interesse sociale, incluse attivit\u00e0, anche editoriali, di promozione e diffusione della cultura e della pratica del volontariato e delle attivit\u00e0 di interesse generale di cui al presente articolo;<br><br>p) servizi finalizzati all\u2019inserimento o al reinserimento nel mercato del lavoro dei lavoratori e delle persone di cui all\u2019articolo 2, comma 4, del decreto legislativo di cui all\u2019articolo 1, comma 2, lettera c), della legge 6 giugno 2016, n. 106;<br><br>u) beneficenza, sostegno a distanza, cessione gratuita di alimenti o prodotti di cui alla legge 19 agosto 2016, n. 166, e successive modificazioni, o erogazione di denaro, beni o servizi a sostegno di persone svantaggiate o di attivit\u00e0 di interesse generale a norma del presente articolo.<br><br>In particolare l\u2019associazione si propone di:<br><br>&#8211; stabilire un rapporto significativo con il disagio crescente della citt\u00e0 attraverso la sensibilizzazione dell\u2019opinione pubblica rispetto all\u2019emarginazione sociale, organizzando incontri specifici con la cittadinanza, promuovendo progetti di reinserimento e riabilitazione, stimolando il confronto fra tutte le realt\u00e0 associative e istituzionali con l\u2019emarginazione sociale;<br><br>&#8211; realizzare il giornale \u201cFuori Binario\u201d, inteso come giornale dei senza fissa dimora e, pi\u00f9 in generale, dell\u2019emarginazione tutta, che verr\u00e0 quasi interamente scritto e, comunque, distribuito dai senza fissa dimora. Scopo del giornale \u00e8 quello di dare voce a questa realt\u00e0 all\u2019interno della societ\u00e0 e investire le istituzioni delle molteplici problematiche esistenti e dei bisogni crescenti [attivit\u00e0 non a fini di lucro, la distribuzione del giornale \u00e8 prevista come attivit\u00e0 marginale, ex art.8, comma 4, Legge 266\/94 \u201cLegge sul volontariato\u201d];<br><br>&#8211; formare una \u201crete\u201d coordinata fra gruppi, associazioni, istituzioni, mezzi di comunicazione e singoli cittadini, cio\u00e8 un tessuto di sostegno e riconoscimento, capace di sorvegliare che i diritti complessivi dei cittadini senza fissa dimora, italiani, europei ed extracomunitari, siano rispettati e conosciuti dai medesimi, e di sostenere tutte le dinamiche possibili di auto-aiuto per le persone in difficolt\u00e0.<\/p>\n<\/div><\/div>\n","protected":false},"excerpt":{"rendered":"<p>Soggetto erogatore Importo Data Causale Regione Toscana 3.621,78 28\/9\/2021 Emergenza Coronavirus, contributi per il terzo settore 5&#215;1000 1.328,42 8\/7\/2021 5&#215;1000 2019 Fondazione CRF 5.000 30\/10\/2022 Contributo una tantum Fondazione CRF 15.000 30\/10\/2024 Contributo una tantum Regione Toscana 4.000 15\/12\/2024 Contributo una tantum La presente organizzazione senza scopo di lucro Associazione Periferie Al Centro Odv\u00a0partecipa al [&hellip;]<\/p>\n","protected":false},"author":2,"featured_media":0,"parent":51,"menu_order":0,"comment_status":"closed","ping_status":"closed","template":"","meta":{"_uag_custom_page_level_css":"","site-sidebar-layout":"default","site-content-layout":"","ast-site-content-layout":"default","site-content-style":"default","site-sidebar-style":"default","ast-global-header-display":"","ast-banner-title-visibility":"","ast-main-header-display":"","ast-hfb-above-header-display":"","ast-hfb-below-header-display":"","ast-hfb-mobile-header-display":"","site-post-title":"","ast-breadcrumbs-content":"","ast-featured-img":"","footer-sml-layout":"","ast-disable-related-posts":"","theme-transparent-header-meta":"","adv-header-id-meta":"","stick-header-meta":"","header-above-stick-meta":"","header-main-stick-meta":"","header-below-stick-meta":"","astra-migrate-meta-layouts":"set","ast-page-background-enabled":"default","ast-page-background-meta":{"desktop":{"background-color":"var(--ast-global-color-4)","background-image":"","background-repeat":"repeat","background-position":"center center","background-size":"auto","background-attachment":"scroll","background-type":"","background-media":"","overlay-type":"","overlay-color":"","overlay-opacity":"","overlay-gradient":""},"tablet":{"background-color":"","background-image":"","background-repeat":"repeat","background-position":"center center","background-size":"auto","background-attachment":"scroll","background-type":"","background-media":"","overlay-type":"","overlay-color":"","overlay-opacity":"","overlay-gradient":""},"mobile":{"background-color":"","background-image":"","background-repeat":"repeat","background-position":"center center","background-size":"auto","background-attachment":"scroll","background-type":"","background-media":"","overlay-type":"","overlay-color":"","overlay-opacity":"","overlay-gradient":""}},"ast-content-background-meta":{"desktop":{"background-color":"var(--ast-global-color-5)","background-image":"","background-repeat":"repeat","background-position":"center center","background-size":"auto","background-attachment":"scroll","background-type":"","background-media":"","overlay-type":"","overlay-color":"","overlay-opacity":"","overlay-gradient":""},"tablet":{"background-color":"var(--ast-global-color-5)","background-image":"","background-repeat":"repeat","background-position":"center center","background-size":"auto","background-attachment":"scroll","background-type":"","background-media":"","overlay-type":"","overlay-color":"","overlay-opacity":"","overlay-gradient":""},"mobile":{"background-color":"var(--ast-global-color-5)","background-image":"","background-repeat":"repeat","background-position":"center center","background-size":"auto","background-attachment":"scroll","background-type":"","background-media":"","overlay-type":"","overlay-color":"","overlay-opacity":"","overlay-gradient":""}},"footnotes":""},"ppma_author":[38],"class_list":["post-392","page","type-page","status-publish","hentry"],"uagb_featured_image_src":{"full":false,"thumbnail":false,"medium":false,"medium_large":false,"large":false,"1536x1536":false,"2048x2048":false},"uagb_author_info":{"display_name":"Fuori Binario","author_link":"https:\/\/www.fuoribinario.org\/index.php\/author\/redazione\/"},"uagb_comment_info":0,"uagb_excerpt":"Soggetto erogatore Importo Data Causale Regione Toscana 3.621,78 28\/9\/2021 Emergenza Coronavirus, contributi per il terzo settore 5&#215;1000 1.328,42 8\/7\/2021 5&#215;1000 2019 Fondazione CRF 5.000 30\/10\/2022 Contributo una tantum Fondazione CRF 15.000 30\/10\/2024 Contributo una tantum Regione Toscana 4.000 15\/12\/2024 Contributo una tantum La presente organizzazione senza scopo di lucro Associazione Periferie Al Centro Odv\u00a0partecipa al&hellip;","_links":{"self":[{"href":"https:\/\/www.fuoribinario.org\/index.php\/wp-json\/wp\/v2\/pages\/392","targetHints":{"allow":["GET"]}}],"collection":[{"href":"https:\/\/www.fuoribinario.org\/index.php\/wp-json\/wp\/v2\/pages"}],"about":[{"href":"https:\/\/www.fuoribinario.org\/index.php\/wp-json\/wp\/v2\/types\/page"}],"author":[{"embeddable":true,"href":"https:\/\/www.fuoribinario.org\/index.php\/wp-json\/wp\/v2\/users\/2"}],"replies":[{"embeddable":true,"href":"https:\/\/www.fuoribinario.org\/index.php\/wp-json\/wp\/v2\/comments?post=392"}],"version-history":[{"count":9,"href":"https:\/\/www.fuoribinario.org\/index.php\/wp-json\/wp\/v2\/pages\/392\/revisions"}],"predecessor-version":[{"id":3407,"href":"https:\/\/www.fuoribinario.org\/index.php\/wp-json\/wp\/v2\/pages\/392\/revisions\/3407"}],"up":[{"embeddable":true,"href":"https:\/\/www.fuoribinario.org\/index.php\/wp-json\/wp\/v2\/pages\/51"}],"wp:attachment":[{"href":"https:\/\/www.fuoribinario.org\/index.php\/wp-json\/wp\/v2\/media?parent=392"}],"wp:term":[{"taxonomy":"author","embeddable":true,"href":"https:\/\/www.fuoribinario.org\/index.php\/wp-json\/wp\/v2\/ppma_author?post=392"}],"curies":[{"name":"wp","href":"https:\/\/api.w.org\/{rel}","templated":true}]}}