{"id":51,"date":"2022-01-11T18:24:20","date_gmt":"2022-01-11T18:24:20","guid":{"rendered":"http:\/\/localhost\/?page_id=51"},"modified":"2024-10-10T15:46:44","modified_gmt":"2024-10-10T15:46:44","slug":"chi-siamo","status":"publish","type":"page","link":"https:\/\/www.fuoribinario.org\/index.php\/chi-siamo\/","title":{"rendered":"Chi siamo"},"content":{"rendered":"\n<div class=\"wp-block-uagb-inline-notice uagb-inline_notice__align-left uagb-block-c9f92e96\"><h4 class=\"uagb-notice-title\">La nostra storia<\/h4><div class=\"uagb-notice-text\"><strong>Fuori Binario nasce nel 1994<\/strong>, quando un gruppo di persone impegnate nel sostegno alle persone pi\u00f9 fragili della citt\u00e0 decise di aiutarle in un modo alternativo, facendo anche informazione. Fuori Binario \u00e8 da allora l\u2019unico giornale di strada di Firenze, ormai uno dei pochi in Italia, ed \u00e8 da sempre autogestito e autofinanziato.<br><br><strong>I nostri diffusori<\/strong><br>La redazione \u00e8 composta da volontari e attivisti. Chi scrive, fotografa, impagina, lavora alla complessa produzione del giornale, non prende un euro per il suo impegno. Tutto questo viene fatto per sostenere economicamente i diffusori che incontri in strada. Si tratta di persone senza lavoro, spesso senza dimora, ma non solo, che subiscono l\u2019esclusione dall&#8217;attuale sistema economico.<br><br><strong>Un piccolo reddito grazie al tuo acquisto<\/strong><br>La loro possibilit\u00e0 di costruire un reddito grazie al giornale dipende anche da te che stai leggendo queste righe. Appena uscita dalla tipografia la copia del giornale viene affidata al costo di un euro al <a href=\"https:\/\/www.fuoribinario.org\/index.php\/diffusori\/\" data-type=\"page\" data-id=\"61\">diffusore<\/a>: si tratta del costo vivo della stampa e della spedizione postale, dell\u2019affitto della sede e delle utenze. Ci\u00f2 che offrirai in pi\u00f9 costituir\u00e0 il suo guadagno.<br><br><strong>Come sostenerci<\/strong><br>Se questo progetto di economia frugale ti convince, ti chiediamo di farla conoscere e sostenerla nel tempo, puoi infatti anche <a href=\"https:\/\/www.fuoribinario.org\/index.php\/periferie-al-centro-odv\/abbonati\/\" data-type=\"page\" data-id=\"2972\">abbonarti<\/a> per ricevere Fuori Binario direttamente a casa o contribuire con il tuo <a href=\"https:\/\/www.fuoribinario.org\/index.php\/sostienici\/5x1000\/\" data-type=\"page\" data-id=\"2519\">5&#215;1000<\/a>. Grazie al tuo aiuto, inoltre, Fuori Binario viene diffuso all\u2019interno del carcere di Sollicciano e saltuariamente vengono pubblicati libri sui temi trattati dal giornale.<br><br><strong>Le altre attivit\u00e0<\/strong><br>L\u2019editore \u00e8 l\u2019associazione Periferie al Centro che si impegna affinch\u00e9 tutti e tutte abbiano la possibilit\u00e0 di avere una residenza anagrafica senza la quale vedrebbero abbattuti i loro diritti. I nostri volontari sono attivi anche nella distribuzione di alimenti e in altre attivit\u00e0 di inclusione e accoglienza.<\/div><\/div>\n\n\n\n<hr class=\"wp-block-separator has-text-color has-ast-global-color-4-color has-alpha-channel-opacity has-ast-global-color-4-background-color has-background is-style-wide\" style=\"margin-top:var(--wp--preset--spacing--30);margin-bottom:var(--wp--preset--spacing--30)\"\/>\n\n\n\n<hr class=\"wp-block-separator has-text-color has-ast-global-color-4-color has-alpha-channel-opacity has-ast-global-color-4-background-color has-background is-style-wide\" style=\"margin-top:var(--wp--preset--spacing--30);margin-bottom:var(--wp--preset--spacing--30)\"\/>\n\n\n\n<div class=\"wp-block-uagb-inline-notice uagb-inline_notice__align-left uagb-block-e832bed0\"><h4 class=\"uagb-notice-title\">Pietre miliari<\/h4><div class=\"uagb-notice-text\"><strong>1994<\/strong> \u2013 Grazie all\u2019idea di alcuni operatori sociali dell\u2019Albergo Popolare e di alcuni ospiti accolti in quella struttura i quali volevano far sentire la loro voce <strong>nasce l\u2019Associazione di volontariato Periferie al Centro<\/strong>. La sua azione verte sull\u2019autopromozione delle persone, la lotta per il riconoscimento dei loro diritti di cittadinanza, il rispetto della loro dignit\u00e0. Allo stesso tempo l\u2019associazione intende dare spazio e visibilit\u00e0 a progetti autogestiti e autofinanziati insieme a persone emarginate dalla societ\u00e0, ma con grandi potenzialit\u00e0 e sensibilit\u00e0.<br><br><strong>1994<\/strong> \u2013 <strong>Iniziano le pubblicazioni del mensile Fuori Binario<\/strong> con l\u2019obiettivo di garantire un piccolo reddito alle persone che lo diffondono in citt\u00e0. \u00c8 un giornale di strada da sempre autogestito e autofinanziato, fatto, scritto e distribuito dalle persone che vivono il disagio sulla propria pelle o che ad esso sono molto vicino.<br><br><strong>2001<\/strong> &#8211; Con la raccolta di poesie \u201cStorie di vento e di follia\u201d di Vittorio Porfito, nata all\u2019interno di una Istituzione totale, <strong>apre i battenti FuoriBinarioLibri<\/strong>, collana editoriale in cui si raccontano storie di vita, testimonianze e poesie vissute dai nostri redattori. <br><br><strong>2002<\/strong> &#8211; Fuori Binario fa parte del processo costitutivo del <strong>Social Forum<\/strong> Europeo di Firenze.<br><br><strong>2008<\/strong> \u2013 Nasce il <strong>Premio Vittorio Porfito<\/strong>, concorso letterario nazionale in ricordo di un nostro autore e redattore.<br><br><strong>2009<\/strong> \u2013 Fuori Binario apre una <strong>Bottega autogestita in via Gioberti<\/strong> per dare visibilit\u00e0 a tanti lavori realizzati da persone diversamente abili, che vivono in strada, o sono relegati in strutture chiuse. L&#8217;esperienza durer\u00e0 fino al 2019.<br><br><strong>2021<\/strong> \u2013 In piena pandemia e per uscire da un momento di crisi, Fuori Binario cambia direttore e d\u00e0 vita alla <strong>nuova serie<\/strong> diretta da <a href=\"http:\/\/www.cristianolucchi.it\">Cristiano Lucchi<\/a>.<br><br><strong>2024<\/strong> &#8211; Il giornale compie <strong>30 anni<\/strong>. Viene organizzato il convegno dal titolo <strong><a href=\"https:\/\/www.fuoribinario.org\/index.php\/2024\/02\/27\/giornalismo-redistributivo-appuntamento-il-22-febbraio-a-firenze-per-il-convegno-del-trentennale-di-fuori-binario\/\">Giornalismo redistributivo<\/a><\/strong>.<br><br><strong>2024<\/strong> &#8211; Il giornale vince il premio <a href=\"https:\/\/www.fuoribinario.org\/index.php\/2023\/04\/20\/il-premio-li-omini-boni-a-fuori-binario\/\"><strong>Li Omini Boni Desiderano Sapere<\/strong><\/a>.<br><br><strong>2024<\/strong> &#8211; I soci e le socie dell&#8217;associazione sono quasi 200. Viene eletto un direttivo di 15 persone che <a href=\"https:\/\/www.fuoribinario.org\/index.php\/2024\/06\/01\/periferie-al-centro-cronaca-di-una-rinascita\/\">rafforza l&#8217;associazione<\/a>. <\/div><\/div>\n\n\n\n<p><\/p>\n","protected":false},"excerpt":{"rendered":"","protected":false},"author":2,"featured_media":0,"parent":0,"menu_order":0,"comment_status":"closed","ping_status":"closed","template":"","meta":{"_uag_custom_page_level_css":"","site-sidebar-layout":"default","site-content-layout":"","ast-site-content-layout":"default","site-content-style":"default","site-sidebar-style":"default","ast-global-header-display":"","ast-banner-title-visibility":"","ast-main-header-display":"","ast-hfb-above-header-display":"","ast-hfb-below-header-display":"","ast-hfb-mobile-header-display":"","site-post-title":"","ast-breadcrumbs-content":"","ast-featured-img":"","footer-sml-layout":"","ast-disable-related-posts":"","theme-transparent-header-meta":"","adv-header-id-meta":"","stick-header-meta":"","header-above-stick-meta":"","header-main-stick-meta":"","header-below-stick-meta":"","astra-migrate-meta-layouts":"set","ast-page-background-enabled":"default","ast-page-background-meta":{"desktop":{"background-color":"var(--ast-global-color-4)","background-image":"","background-repeat":"repeat","background-position":"center center","background-size":"auto","background-attachment":"scroll","background-type":"","background-media":"","overlay-type":"","overlay-color":"","overlay-opacity":"","overlay-gradient":""},"tablet":{"background-color":"","background-image":"","background-repeat":"repeat","background-position":"center center","background-size":"auto","background-attachment":"scroll","background-type":"","background-media":"","overlay-type":"","overlay-color":"","overlay-opacity":"","overlay-gradient":""},"mobile":{"background-color":"","background-image":"","background-repeat":"repeat","background-position":"center center","background-size":"auto","background-attachment":"scroll","background-type":"","background-media":"","overlay-type":"","overlay-color":"","overlay-opacity":"","overlay-gradient":""}},"ast-content-background-meta":{"desktop":{"background-color":"var(--ast-global-color-5)","background-image":"","background-repeat":"repeat","background-position":"center center","background-size":"auto","background-attachment":"scroll","background-type":"","background-media":"","overlay-type":"","overlay-color":"","overlay-opacity":"","overlay-gradient":""},"tablet":{"background-color":"var(--ast-global-color-5)","background-image":"","background-repeat":"repeat","background-position":"center center","background-size":"auto","background-attachment":"scroll","background-type":"","background-media":"","overlay-type":"","overlay-color":"","overlay-opacity":"","overlay-gradient":""},"mobile":{"background-color":"var(--ast-global-color-5)","background-image":"","background-repeat":"repeat","background-position":"center center","background-size":"auto","background-attachment":"scroll","background-type":"","background-media":"","overlay-type":"","overlay-color":"","overlay-opacity":"","overlay-gradient":""}},"footnotes":""},"ppma_author":[38],"class_list":["post-51","page","type-page","status-publish","hentry"],"uagb_featured_image_src":{"full":false,"thumbnail":false,"medium":false,"medium_large":false,"large":false,"1536x1536":false,"2048x2048":false},"uagb_author_info":{"display_name":"Fuori Binario","author_link":"https:\/\/www.fuoribinario.org\/index.php\/author\/redazione\/"},"uagb_comment_info":0,"uagb_excerpt":null,"_links":{"self":[{"href":"https:\/\/www.fuoribinario.org\/index.php\/wp-json\/wp\/v2\/pages\/51","targetHints":{"allow":["GET"]}}],"collection":[{"href":"https:\/\/www.fuoribinario.org\/index.php\/wp-json\/wp\/v2\/pages"}],"about":[{"href":"https:\/\/www.fuoribinario.org\/index.php\/wp-json\/wp\/v2\/types\/page"}],"author":[{"embeddable":true,"href":"https:\/\/www.fuoribinario.org\/index.php\/wp-json\/wp\/v2\/users\/2"}],"replies":[{"embeddable":true,"href":"https:\/\/www.fuoribinario.org\/index.php\/wp-json\/wp\/v2\/comments?post=51"}],"version-history":[{"count":12,"href":"https:\/\/www.fuoribinario.org\/index.php\/wp-json\/wp\/v2\/pages\/51\/revisions"}],"predecessor-version":[{"id":2979,"href":"https:\/\/www.fuoribinario.org\/index.php\/wp-json\/wp\/v2\/pages\/51\/revisions\/2979"}],"wp:attachment":[{"href":"https:\/\/www.fuoribinario.org\/index.php\/wp-json\/wp\/v2\/media?parent=51"}],"wp:term":[{"taxonomy":"author","embeddable":true,"href":"https:\/\/www.fuoribinario.org\/index.php\/wp-json\/wp\/v2\/ppma_author?post=51"}],"curies":[{"name":"wp","href":"https:\/\/api.w.org\/{rel}","templated":true}]}}