{"id":605,"date":"2023-03-21T11:07:35","date_gmt":"2023-03-21T11:07:35","guid":{"rendered":"https:\/\/www.fuoribinario.org\/?page_id=605"},"modified":"2024-01-18T12:54:11","modified_gmt":"2024-01-18T12:54:11","slug":"segui-fuori-binario-su-whatsapp","status":"publish","type":"page","link":"https:\/\/www.fuoribinario.org\/index.php\/segui-fuori-binario-su-whatsapp\/","title":{"rendered":"Il Gruppo su Whatsapp"},"content":{"rendered":"\n<div class=\"wp-block-uagb-inline-notice uagb-inline_notice__align-left uagb-block-7f3e053d\"><h4 class=\"uagb-notice-title\"><strong>ISCRIVITI ANCHE TU<\/strong><\/h4><div class=\"uagb-notice-text\">Un modo per seguire con semplicit\u00e0 e immediatezza il lavoro della nostra redazione, per scoprire ci\u00f2 che ti interessa di Fuori Binario, \u00e8 seguire <a href=\"https:\/\/chat.whatsapp.com\/GV8meCk4IMCLTGE6HByY5K\">il nostro gruppo su WhatsApp<\/a>.<br><br>Vi troverai le nostre comunicazioni ufficiali: quando esce il giornale, quando organizziamo eventi, dove trovare i diffusori e quali sono i luoghi amici.<br><br>Questo \u00e8 un gruppo pubblico, non contiene informazioni sensibili. <br><br>Basta cliccare sul link o scansionare il QrCode per iscriversi e scoprirne i contenuti.<br><br><a href=\"https:\/\/chat.whatsapp.com\/GV8meCk4IMCLTGE6HByY5K\">https:\/\/chat.whatsapp.com\/GV8meCk4IMCLTGE6HByY5K<\/a><\/div><\/div>\n\n\n\n<hr class=\"wp-block-separator has-text-color has-white-color has-alpha-channel-opacity has-white-background-color has-background is-style-dots\" style=\"margin-top:0;margin-bottom:0\"\/>\n\n\n\n<hr class=\"wp-block-separator has-text-color has-ast-global-color-4-color has-alpha-channel-opacity has-ast-global-color-4-background-color has-background is-style-wide\" style=\"margin-top:var(--wp--preset--spacing--30);margin-bottom:var(--wp--preset--spacing--30)\"\/>\n\n\n\n<figure class=\"wp-block-image size-full is-resized\"><img loading=\"lazy\" decoding=\"async\" width=\"656\" height=\"656\" src=\"https:\/\/www.fuoribinario.org\/wp-content\/uploads\/2024\/01\/bit.ly_47BkOUd.png\" alt=\"\" class=\"wp-image-1403\" style=\"width:243px;height:auto\" srcset=\"https:\/\/www.fuoribinario.org\/wp-content\/uploads\/2024\/01\/bit.ly_47BkOUd.png 656w, https:\/\/www.fuoribinario.org\/wp-content\/uploads\/2024\/01\/bit.ly_47BkOUd-300x300.png 300w, https:\/\/www.fuoribinario.org\/wp-content\/uploads\/2024\/01\/bit.ly_47BkOUd-150x150.png 150w\" sizes=\"auto, (max-width: 656px) 100vw, 656px\" \/><\/figure>\n","protected":false},"excerpt":{"rendered":"","protected":false},"author":1,"featured_media":1155,"parent":0,"menu_order":0,"comment_status":"closed","ping_status":"closed","template":"","meta":{"_uag_custom_page_level_css":"","site-sidebar-layout":"default","site-content-layout":"","ast-site-content-layout":"default","site-content-style":"default","site-sidebar-style":"default","ast-global-header-display":"","ast-banner-title-visibility":"","ast-main-header-display":"","ast-hfb-above-header-display":"","ast-hfb-below-header-display":"","ast-hfb-mobile-header-display":"","site-post-title":"","ast-breadcrumbs-content":"","ast-featured-img":"disabled","footer-sml-layout":"","ast-disable-related-posts":"","theme-transparent-header-meta":"","adv-header-id-meta":"","stick-header-meta":"","header-above-stick-meta":"","header-main-stick-meta":"","header-below-stick-meta":"","astra-migrate-meta-layouts":"set","ast-page-background-enabled":"default","ast-page-background-meta":{"desktop":{"background-color":"var(--ast-global-color-4)","background-image":"","background-repeat":"repeat","background-position":"center center","background-size":"auto","background-attachment":"scroll","background-type":"","background-media":"","overlay-type":"","overlay-color":"","overlay-opacity":"","overlay-gradient":""},"tablet":{"background-color":"","background-image":"","background-repeat":"repeat","background-position":"center center","background-size":"auto","background-attachment":"scroll","background-type":"","background-media":"","overlay-type":"","overlay-color":"","overlay-opacity":"","overlay-gradient":""},"mobile":{"background-color":"","background-image":"","background-repeat":"repeat","background-position":"center center","background-size":"auto","background-attachment":"scroll","background-type":"","background-media":"","overlay-type":"","overlay-color":"","overlay-opacity":"","overlay-gradient":""}},"ast-content-background-meta":{"desktop":{"background-color":"var(--ast-global-color-5)","background-image":"","background-repeat":"repeat","background-position":"center center","background-size":"auto","background-attachment":"scroll","background-type":"","background-media":"","overlay-type":"","overlay-color":"","overlay-opacity":"","overlay-gradient":""},"tablet":{"background-color":"var(--ast-global-color-5)","background-image":"","background-repeat":"repeat","background-position":"center center","background-size":"auto","background-attachment":"scroll","background-type":"","background-media":"","overlay-type":"","overlay-color":"","overlay-opacity":"","overlay-gradient":""},"mobile":{"background-color":"var(--ast-global-color-5)","background-image":"","background-repeat":"repeat","background-position":"center center","background-size":"auto","background-attachment":"scroll","background-type":"","background-media":"","overlay-type":"","overlay-color":"","overlay-opacity":"","overlay-gradient":""}},"footnotes":""},"ppma_author":[37],"class_list":["post-605","page","type-page","status-publish","has-post-thumbnail","hentry"],"uagb_featured_image_src":{"full":["https:\/\/www.fuoribinario.org\/wp-content\/uploads\/2023\/10\/FB-Annunci-redazione-1.png",1080,1080,false],"thumbnail":["https:\/\/www.fuoribinario.org\/wp-content\/uploads\/2023\/10\/FB-Annunci-redazione-1-150x150.png",150,150,true],"medium":["https:\/\/www.fuoribinario.org\/wp-content\/uploads\/2023\/10\/FB-Annunci-redazione-1-300x300.png",300,300,true],"medium_large":["https:\/\/www.fuoribinario.org\/wp-content\/uploads\/2023\/10\/FB-Annunci-redazione-1-768x768.png",768,768,true],"large":["https:\/\/www.fuoribinario.org\/wp-content\/uploads\/2023\/10\/FB-Annunci-redazione-1-1024x1024.png",1024,1024,true],"1536x1536":["https:\/\/www.fuoribinario.org\/wp-content\/uploads\/2023\/10\/FB-Annunci-redazione-1.png",1080,1080,false],"2048x2048":["https:\/\/www.fuoribinario.org\/wp-content\/uploads\/2023\/10\/FB-Annunci-redazione-1.png",1080,1080,false]},"uagb_author_info":{"display_name":"fb","author_link":"https:\/\/www.fuoribinario.org\/index.php\/author\/fb\/"},"uagb_comment_info":0,"uagb_excerpt":null,"_links":{"self":[{"href":"https:\/\/www.fuoribinario.org\/index.php\/wp-json\/wp\/v2\/pages\/605","targetHints":{"allow":["GET"]}}],"collection":[{"href":"https:\/\/www.fuoribinario.org\/index.php\/wp-json\/wp\/v2\/pages"}],"about":[{"href":"https:\/\/www.fuoribinario.org\/index.php\/wp-json\/wp\/v2\/types\/page"}],"author":[{"embeddable":true,"href":"https:\/\/www.fuoribinario.org\/index.php\/wp-json\/wp\/v2\/users\/1"}],"replies":[{"embeddable":true,"href":"https:\/\/www.fuoribinario.org\/index.php\/wp-json\/wp\/v2\/comments?post=605"}],"version-history":[{"count":13,"href":"https:\/\/www.fuoribinario.org\/index.php\/wp-json\/wp\/v2\/pages\/605\/revisions"}],"predecessor-version":[{"id":1404,"href":"https:\/\/www.fuoribinario.org\/index.php\/wp-json\/wp\/v2\/pages\/605\/revisions\/1404"}],"wp:featuredmedia":[{"embeddable":true,"href":"https:\/\/www.fuoribinario.org\/index.php\/wp-json\/wp\/v2\/media\/1155"}],"wp:attachment":[{"href":"https:\/\/www.fuoribinario.org\/index.php\/wp-json\/wp\/v2\/media?parent=605"}],"wp:term":[{"taxonomy":"author","embeddable":true,"href":"https:\/\/www.fuoribinario.org\/index.php\/wp-json\/wp\/v2\/ppma_author?post=605"}],"curies":[{"name":"wp","href":"https:\/\/api.w.org\/{rel}","templated":true}]}}