{"id":74,"date":"2022-01-11T18:46:33","date_gmt":"2022-01-11T18:46:33","guid":{"rendered":"http:\/\/localhost\/?page_id=74"},"modified":"2025-01-07T17:18:49","modified_gmt":"2025-01-07T17:18:49","slug":"redazione","status":"publish","type":"page","link":"https:\/\/www.fuoribinario.org\/index.php\/redazione\/","title":{"rendered":"Redazione"},"content":{"rendered":"\n<div class=\"wp-block-uagb-inline-notice uagb-inline_notice__align-left uagb-block-c9b50323\"><h4 class=\"uagb-notice-title\">Sede<\/h4><div class=\"uagb-notice-text\"><strong>Via del Leone 76, 50124 Firenze<\/strong><br>Aperta luned\u00ec, mercoled\u00ec e venerd\u00ec dalle 15 alle 18<br>Per contatti e arretrati <a href=\"mailto:redazione@fuoribinario.org\">redazione@fuoribinario.org<\/a>, tel. 0552286348<br><br><strong>Fuori Binario \u00e8 una testata registrata al Tribunale di Firenze con il n\u00b04393 del 23 giugno 1994<\/strong>, edita dall&#8217;Associazione Periferie al Centro OdV e stampata presso Polistampa Firenze\u00a0<\/div><\/div>\n\n\n\n<hr class=\"wp-block-separator has-text-color has-ast-global-color-4-color has-alpha-channel-opacity has-ast-global-color-4-background-color has-background is-style-wide\" style=\"margin-top:var(--wp--preset--spacing--30);margin-bottom:var(--wp--preset--spacing--30)\"\/>\n\n\n\n<div class=\"wp-block-uagb-inline-notice uagb-inline_notice__align-left uagb-block-11af8ec6\"><h4 class=\"uagb-notice-title\">Redazione<\/h4><div class=\"uagb-notice-text\"><strong>DIRETTORE RESPONSABILE<\/strong><br>Cristiano Lucchi<br><br><strong>VICEDIRETTRICE<\/strong> <br>Valentina Baronti<br><br><strong>REDAZIONE<\/strong><br>Barbara Imbergamo, Beatrice Montini, Camilla Lattanzi, Cecilia Stefani, Clara Baldasseroni, Consuelo Lorenzi, Corrado Marcetti, Cristina Niccoletti, Emanuela Bavazzano, Fabio Bussonati, Felice Simeone, Francesco Cuccuini, Francesco Martinelli, Giampaolo Pancetti, Gian Luca Garetti, Ginox, Guido Leoni, Ilaria Di Biagio, Isabella Mancini, Jacopo Stefani, Laura Bardelli, Laura Tabegna, Libero Mezzani, Lorenzo Guadagnucci, Mariella Marzuoli, Marco Di Stefano, Marta Benettin, Massimo De Micco, Ornella De Zordo, Paola Sani, Paolo Babini, Piero Sbardellati, Riccardo Michelucci, Roberto Pelozzi, Tomaso Montanari, Valentina Nicastro, Valerio Giovannini<br><br><strong>GRAFICA E IMPAGINAZIONE<\/strong><br>Veronica Urbano, Cecilia Stefani, Daniela Annetta, Marta Barbalace, Grazia Cadeddu<\/div><\/div>\n\n\n\n<hr class=\"wp-block-separator has-text-color has-ast-global-color-4-color has-alpha-channel-opacity has-ast-global-color-4-background-color has-background is-style-wide\" style=\"margin-top:var(--wp--preset--spacing--30);margin-bottom:var(--wp--preset--spacing--30)\"\/>\n\n\n\n<div class=\"wp-block-uagb-inline-notice uagb-inline_notice__align-left uagb-block-a5512070\"><h4 class=\"uagb-notice-title\">Ringraziamenti<\/h4><div class=\"uagb-notice-text\">Questo giornale non esisterebbe senza l\u2019impegno di quattro persone speciali: <br><strong>Alessandro De Angeli, Giovanni Ducci, Mariapia Passigli <\/strong>e<strong> Sondra Latini<\/strong><\/div><\/div>\n\n\n\n<p><\/p>\n","protected":false},"excerpt":{"rendered":"","protected":false},"author":2,"featured_media":0,"parent":0,"menu_order":0,"comment_status":"closed","ping_status":"closed","template":"","meta":{"_uag_custom_page_level_css":"","site-sidebar-layout":"default","site-content-layout":"","ast-site-content-layout":"default","site-content-style":"default","site-sidebar-style":"default","ast-global-header-display":"","ast-banner-title-visibility":"","ast-main-header-display":"","ast-hfb-above-header-display":"","ast-hfb-below-header-display":"","ast-hfb-mobile-header-display":"","site-post-title":"","ast-breadcrumbs-content":"","ast-featured-img":"","footer-sml-layout":"","ast-disable-related-posts":"","theme-transparent-header-meta":"","adv-header-id-meta":"","stick-header-meta":"","header-above-stick-meta":"","header-main-stick-meta":"","header-below-stick-meta":"","astra-migrate-meta-layouts":"set","ast-page-background-enabled":"default","ast-page-background-meta":{"desktop":{"background-color":"var(--ast-global-color-4)","background-image":"","background-repeat":"repeat","background-position":"center center","background-size":"auto","background-attachment":"scroll","background-type":"","background-media":"","overlay-type":"","overlay-color":"","overlay-opacity":"","overlay-gradient":""},"tablet":{"background-color":"","background-image":"","background-repeat":"repeat","background-position":"center center","background-size":"auto","background-attachment":"scroll","background-type":"","background-media":"","overlay-type":"","overlay-color":"","overlay-opacity":"","overlay-gradient":""},"mobile":{"background-color":"","background-image":"","background-repeat":"repeat","background-position":"center center","background-size":"auto","background-attachment":"scroll","background-type":"","background-media":"","overlay-type":"","overlay-color":"","overlay-opacity":"","overlay-gradient":""}},"ast-content-background-meta":{"desktop":{"background-color":"var(--ast-global-color-5)","background-image":"","background-repeat":"repeat","background-position":"center center","background-size":"auto","background-attachment":"scroll","background-type":"","background-media":"","overlay-type":"","overlay-color":"","overlay-opacity":"","overlay-gradient":""},"tablet":{"background-color":"var(--ast-global-color-5)","background-image":"","background-repeat":"repeat","background-position":"center center","background-size":"auto","background-attachment":"scroll","background-type":"","background-media":"","overlay-type":"","overlay-color":"","overlay-opacity":"","overlay-gradient":""},"mobile":{"background-color":"var(--ast-global-color-5)","background-image":"","background-repeat":"repeat","background-position":"center center","background-size":"auto","background-attachment":"scroll","background-type":"","background-media":"","overlay-type":"","overlay-color":"","overlay-opacity":"","overlay-gradient":""}},"footnotes":""},"ppma_author":[38],"class_list":["post-74","page","type-page","status-publish","hentry"],"uagb_featured_image_src":{"full":false,"thumbnail":false,"medium":false,"medium_large":false,"large":false,"1536x1536":false,"2048x2048":false},"uagb_author_info":{"display_name":"Fuori Binario","author_link":"https:\/\/www.fuoribinario.org\/index.php\/author\/redazione\/"},"uagb_comment_info":0,"uagb_excerpt":null,"_links":{"self":[{"href":"https:\/\/www.fuoribinario.org\/index.php\/wp-json\/wp\/v2\/pages\/74","targetHints":{"allow":["GET"]}}],"collection":[{"href":"https:\/\/www.fuoribinario.org\/index.php\/wp-json\/wp\/v2\/pages"}],"about":[{"href":"https:\/\/www.fuoribinario.org\/index.php\/wp-json\/wp\/v2\/types\/page"}],"author":[{"embeddable":true,"href":"https:\/\/www.fuoribinario.org\/index.php\/wp-json\/wp\/v2\/users\/2"}],"replies":[{"embeddable":true,"href":"https:\/\/www.fuoribinario.org\/index.php\/wp-json\/wp\/v2\/comments?post=74"}],"version-history":[{"count":18,"href":"https:\/\/www.fuoribinario.org\/index.php\/wp-json\/wp\/v2\/pages\/74\/revisions"}],"predecessor-version":[{"id":3142,"href":"https:\/\/www.fuoribinario.org\/index.php\/wp-json\/wp\/v2\/pages\/74\/revisions\/3142"}],"wp:attachment":[{"href":"https:\/\/www.fuoribinario.org\/index.php\/wp-json\/wp\/v2\/media?parent=74"}],"wp:term":[{"taxonomy":"author","embeddable":true,"href":"https:\/\/www.fuoribinario.org\/index.php\/wp-json\/wp\/v2\/ppma_author?post=74"}],"curies":[{"name":"wp","href":"https:\/\/api.w.org\/{rel}","templated":true}]}}